{"id":609,"date":"2018-11-13T13:28:34","date_gmt":"2018-11-13T13:28:34","guid":{"rendered":"https:\/\/themes.getmotopress.com\/palmeria\/?page_id=42"},"modified":"2025-08-28T21:53:20","modified_gmt":"2025-08-28T20:53:20","slug":"welcome-to-palmeria-hotel","status":"publish","type":"page","link":"https:\/\/villaiolanda-meran.com\/de\/","title":{"rendered":"Willkommen in der Villa Iolanda"},"content":{"rendered":"","protected":false},"excerpt":{"rendered":"<p>Die Villa Iolanda ist eines der charakteristischsten und beliebtesten historischen Geb\u00e4ude der Stadt Meran, das mit seinen klaren Linien und seinem Vintage-Stil den Gast in eine Atmosph\u00e4re aus anderen Zeiten zur\u00fcckversetzt. Die einzigartige Lage der Villa Iolanda mit Blick auf die Promenaden und die r\u00f6mische Br\u00fccke, mit unterschiedlichen und unumg\u00e4nglichen Ausblicken auf eine der eindrucksvollsten Ansichten der Stadt, macht sie zu einem einzigartigen und unvergesslichen Ort. So entstand ein einzigartiger Ort, ein einladendes Zuhause f\u00fcr diejenigen, die Komfort lieben, aber das Alte suchen und sch\u00e4tzen.<br \/>\nKontaktieren Sie uns per E-Mail oder WhatsApp, fur Informationen  oder  Reservierungen. Villa Iolanda wartet  auf Sie<\/p>","protected":false},"author":1,"featured_media":771,"parent":0,"menu_order":0,"comment_status":"closed","ping_status":"closed","template":"template-front-page.php","meta":{"footnotes":""},"class_list":["post-609","page","type-page","status-publish","has-post-thumbnail","hentry"],"_links":{"self":[{"href":"https:\/\/villaiolanda-meran.com\/de\/wp-json\/wp\/v2\/pages\/609","targetHints":{"allow":["GET"]}}],"collection":[{"href":"https:\/\/villaiolanda-meran.com\/de\/wp-json\/wp\/v2\/pages"}],"about":[{"href":"https:\/\/villaiolanda-meran.com\/de\/wp-json\/wp\/v2\/types\/page"}],"author":[{"embeddable":true,"href":"https:\/\/villaiolanda-meran.com\/de\/wp-json\/wp\/v2\/users\/1"}],"replies":[{"embeddable":true,"href":"https:\/\/villaiolanda-meran.com\/de\/wp-json\/wp\/v2\/comments?post=609"}],"version-history":[{"count":4,"href":"https:\/\/villaiolanda-meran.com\/de\/wp-json\/wp\/v2\/pages\/609\/revisions"}],"predecessor-version":[{"id":1076,"href":"https:\/\/villaiolanda-meran.com\/de\/wp-json\/wp\/v2\/pages\/609\/revisions\/1076"}],"wp:featuredmedia":[{"embeddable":true,"href":"https:\/\/villaiolanda-meran.com\/de\/wp-json\/wp\/v2\/media\/771"}],"wp:attachment":[{"href":"https:\/\/villaiolanda-meran.com\/de\/wp-json\/wp\/v2\/media?parent=609"}],"curies":[{"name":"wp","href":"https:\/\/api.w.org\/{rel}","templated":true}]}}