{"id":67,"date":"2018-11-13T13:54:29","date_gmt":"2018-11-13T13:54:29","guid":{"rendered":"https:\/\/themes.getmotopress.com\/palmeria\/?page_id=67"},"modified":"2022-05-06T11:49:31","modified_gmt":"2022-05-06T10:49:31","slug":"art-of-cooking","status":"publish","type":"page","link":"http:\/\/villaiolanda-meran.com\/de\/welcome-to-palmeria-hotel\/art-of-cooking\/","title":{"rendered":"Umfeld"},"content":{"rendered":"<p>Die Villa Iolanda hat eine einzigartige Lage mit Blick auf den wundersch\u00f6nen Winter Walk an der Kreuzung mit der Roman Bridge. 5 Gehminuten vom Stadtzentrum und vielen Sehensw\u00fcrdigkeiten wie der Therme, den Sissi-G\u00e4rten oder der Tappainer Promenade entfernt. <\/p>\n\n\n\n<ul class=\"wp-block-list\"><li>Restaurants 0,1 km<\/li><li>Cafeteria 0,1 km<\/li><li>Terme  Merano         0,4 Km<\/li><li>Merano 2000             3  Km<\/li><li>Theater Meran 0,7 km<\/li><li>Bahnhof 1,5 km<\/li><\/ul>","protected":false},"excerpt":{"rendered":"<p>Villa Iolanda ha una posizione unica, si affacia sulla bellissima Passeggiata d&#8217;inverno nel incroccio con il Ponte Romano. A 5 minuti a piedi del centro della citt\u00e0 e di tante [&hellip;]<\/p>\n","protected":false},"author":1,"featured_media":658,"parent":609,"menu_order":4,"comment_status":"closed","ping_status":"closed","template":"","meta":{"footnotes":""},"class_list":["post-67","page","type-page","status-publish","has-post-thumbnail","hentry"],"_links":{"self":[{"href":"http:\/\/villaiolanda-meran.com\/de\/wp-json\/wp\/v2\/pages\/67","targetHints":{"allow":["GET"]}}],"collection":[{"href":"http:\/\/villaiolanda-meran.com\/de\/wp-json\/wp\/v2\/pages"}],"about":[{"href":"http:\/\/villaiolanda-meran.com\/de\/wp-json\/wp\/v2\/types\/page"}],"author":[{"embeddable":true,"href":"http:\/\/villaiolanda-meran.com\/de\/wp-json\/wp\/v2\/users\/1"}],"replies":[{"embeddable":true,"href":"http:\/\/villaiolanda-meran.com\/de\/wp-json\/wp\/v2\/comments?post=67"}],"version-history":[{"count":2,"href":"http:\/\/villaiolanda-meran.com\/de\/wp-json\/wp\/v2\/pages\/67\/revisions"}],"predecessor-version":[{"id":845,"href":"http:\/\/villaiolanda-meran.com\/de\/wp-json\/wp\/v2\/pages\/67\/revisions\/845"}],"up":[{"embeddable":true,"href":"http:\/\/villaiolanda-meran.com\/de\/wp-json\/wp\/v2\/pages\/609"}],"wp:featuredmedia":[{"embeddable":true,"href":"http:\/\/villaiolanda-meran.com\/de\/wp-json\/wp\/v2\/media\/658"}],"wp:attachment":[{"href":"http:\/\/villaiolanda-meran.com\/de\/wp-json\/wp\/v2\/media?parent=67"}],"curies":[{"name":"wp","href":"https:\/\/api.w.org\/{rel}","templated":true}]}}