{"id":600,"date":"2018-11-13T11:12:41","date_gmt":"2018-11-13T11:12:41","guid":{"rendered":"https:\/\/themes.getmotopress.com\/palmeria\/accommodations\/"},"modified":"2022-10-03T10:09:17","modified_gmt":"2022-10-03T09:09:17","slug":"accommodations","status":"publish","type":"page","link":"http:\/\/villaiolanda-meran.com\/de\/welcome-to-palmeria-hotel\/accommodations\/","title":{"rendered":"Wohnungen"},"content":{"rendered":"<p class=\"has-medium-font-size\"><em>Charme vergangener Zeiten ...<\/em><\/p>\n\n\n\n<p>Die Villa Iolanda bietet zwei Apartments, die mit Sorgfalt und Liebe zum Detail eingerichtet sind, wobei die urspr\u00fcnglichen Oberfl\u00e4chen und Farben respektiert und klare Linien mit einem Vintage-Stil kombiniert werden. Die Apartments haben einen n\u00fcchternen und eleganten Charakter und bringen die G\u00e4ste zur\u00fcck in eine Atmosph\u00e4re aus anderen Zeiten. Dar\u00fcber hinaus finden Sie in jeder Wohnung modernste Technik und Konzeption, die von der Hausautomation bis hin zur Fern- und Gesamtsteuerung die modernsten technologischen Standards erf\u00fcllen und dabei bewusst deren architektonische und harmonische Integration im Hinblick auf suchen der Retro-Stil. <\/p>\n\n\n\n<p>Kontaktieren Sie uns per E-Mail oder WhatsApp, fur Informationen  oder  Reservierungen. Villa Iolanda wartet  auf Sie<\/p>\n\n\n\n<div style=\"height:50px\" aria-hidden=\"true\" class=\"wp-block-spacer\"><\/div>\n\n\n<div class=\"mphb_sc_rooms-wrapper mphb-room-types masonry\">    <div class=\"mphb-rooms-shortcode-wrapper\">\n    \n<div class=\"mphb-room-type post-593 mphb_room_type type-mphb_room_type status-publish has-post-thumbnail mphb_room_type_category-2-ospiti mphb_room_type_category-3-ospiti mphb_room_type_category-4-ospiti mphb_room_type_facility-angolo-lettura mphb_room_type_facility-asciugacapelli mphb_room_type_facility-balcone mphb_room_type_facility-biancheria-bagno mphb_room_type_facility-biancheria-casa mphb_room_type_facility-bollitore mphb_room_type_facility-caffetiera mphb_room_type_facility-cucina mphb_room_type_facility-divano-letto mphb_room_type_facility-free-wi-fi mphb_room_type_facility-goichi-bambini mphb_room_type_facility-kit-cortesia-bagno-e-cucina mphb_room_type_facility-lavatrice mphb_room_type_facility-no-fumatori mphb_room_type_facility-riscaldamento mphb_room_type_facility-tv-satellitale mphb-room-type-adults-2 mphb-room-type-children-0 has-taxes-and-fees\">\n\n\t\n\t\t<div class=\"room-images-wrapper\">\n\t\t\n\n\t<p class=\"post-thumbnail mphb-loop-room-thumbnail\">\n\t<a href=\"http:\/\/villaiolanda-meran.com\/de\/accommodation\/standard-single-room\/\">\n\t<img fetchpriority=\"high\" decoding=\"async\" width=\"892\" height=\"892\" src=\"http:\/\/villaiolanda-meran.com\/wp-content\/uploads\/2018\/11\/salonepiccolo-892x892.jpg\" class=\"attachment-palmeria-square size-palmeria-square wp-post-image\" alt=\"\" srcset=\"http:\/\/villaiolanda-meran.com\/wp-content\/uploads\/2018\/11\/salonepiccolo-892x892.jpg 892w, http:\/\/villaiolanda-meran.com\/wp-content\/uploads\/2018\/11\/salonepiccolo-150x150.jpg 150w\" sizes=\"(max-width: 892px) 100vw, 892px\" \/>\t<\/a>\n\n\t<\/p>\n\t<\/div>\n\t\t<div class=\"room-description-wrapper\">\n\t\t\n<h2 class=\"mphb-room-type-title entry-title\">\n\n<a class=\"mphb-room-type-title\" href=\"http:\/\/villaiolanda-meran.com\/de\/accommodation\/standard-single-room\/\">2-Zimmer-Wohnung<\/a>\n\n<\/h2>\n\n\t<\/div>\n\t\n\t\n<\/div>\n\n\n<div class=\"mphb-room-type post-588 mphb_room_type type-mphb_room_type status-publish has-post-thumbnail mphb_room_type_category-2-ospiti mphb_room_type_category-3-ospiti mphb_room_type_category-4-ospiti mphb_room_type_category-5-ospiti mphb_room_type_facility-2-bagni mphb_room_type_facility-2-tv-satellitale mphb_room_type_facility-angolo-lettura mphb_room_type_facility-asciugacapelli mphb_room_type_facility-balcone mphb_room_type_facility-biancheria-bagno mphb_room_type_facility-biancheria-casa mphb_room_type_facility-bolittore mphb_room_type_facility-caffetiera mphb_room_type_facility-cucina mphb_room_type_facility-divano-letto mphb_room_type_facility-ferro-da-stiro mphb_room_type_facility-forno mphb_room_type_facility-free-wi-fi mphb_room_type_facility-goichi-bambini mphb_room_type_facility-kit-cortesia-bagno-e-cucina mphb_room_type_facility-lavastovigle mphb_room_type_facility-lavatrice mphb_room_type_facility-no-fumatori mphb_room_type_facility-riscaldamento mphb-room-type-adults-3 mphb-room-type-children-0 has-taxes-and-fees\">\n\n\t\n\t\t<div class=\"room-images-wrapper\">\n\t\t\n\n\t<p class=\"post-thumbnail mphb-loop-room-thumbnail\">\n\t<a href=\"http:\/\/villaiolanda-meran.com\/de\/accommodation\/classic-double-room\/\">\n\t<img decoding=\"async\" width=\"892\" height=\"892\" src=\"http:\/\/villaiolanda-meran.com\/wp-content\/uploads\/2018\/11\/salone2piccolo-892x892.jpg\" class=\"attachment-palmeria-square size-palmeria-square wp-post-image\" alt=\"\" srcset=\"http:\/\/villaiolanda-meran.com\/wp-content\/uploads\/2018\/11\/salone2piccolo-892x892.jpg 892w, http:\/\/villaiolanda-meran.com\/wp-content\/uploads\/2018\/11\/salone2piccolo-150x150.jpg 150w\" sizes=\"(max-width: 892px) 100vw, 892px\" \/>\t<\/a>\n\n\t<\/p>\n\t<\/div>\n\t\t<div class=\"room-description-wrapper\">\n\t\t\n<h2 class=\"mphb-room-type-title entry-title\">\n\n<a class=\"mphb-room-type-title\" href=\"http:\/\/villaiolanda-meran.com\/de\/accommodation\/classic-double-room\/\">3-Zimmer-Wohnung<\/a>\n\n<\/h2>\n\n\t<\/div>\n\t\n\t\n<\/div>\n\n    <\/div>\n    <\/div>","protected":false},"excerpt":{"rendered":"<p>Fascino d&#8217;altri tempi&#8230; Villa Iolanda offre due appartamenti arredati con cura e attenzione al detaglio, nel rispetto delle originali finiture e colori, abbinando le linee pulite ad uno stile vintage. [&hellip;]<\/p>\n","protected":false},"author":1,"featured_media":776,"parent":609,"menu_order":1,"comment_status":"closed","ping_status":"closed","template":"template-wide-page.php","meta":{"footnotes":""},"class_list":["post-600","page","type-page","status-publish","has-post-thumbnail","hentry"],"_links":{"self":[{"href":"http:\/\/villaiolanda-meran.com\/de\/wp-json\/wp\/v2\/pages\/600","targetHints":{"allow":["GET"]}}],"collection":[{"href":"http:\/\/villaiolanda-meran.com\/de\/wp-json\/wp\/v2\/pages"}],"about":[{"href":"http:\/\/villaiolanda-meran.com\/de\/wp-json\/wp\/v2\/types\/page"}],"author":[{"embeddable":true,"href":"http:\/\/villaiolanda-meran.com\/de\/wp-json\/wp\/v2\/users\/1"}],"replies":[{"embeddable":true,"href":"http:\/\/villaiolanda-meran.com\/de\/wp-json\/wp\/v2\/comments?post=600"}],"version-history":[{"count":5,"href":"http:\/\/villaiolanda-meran.com\/de\/wp-json\/wp\/v2\/pages\/600\/revisions"}],"predecessor-version":[{"id":1053,"href":"http:\/\/villaiolanda-meran.com\/de\/wp-json\/wp\/v2\/pages\/600\/revisions\/1053"}],"up":[{"embeddable":true,"href":"http:\/\/villaiolanda-meran.com\/de\/wp-json\/wp\/v2\/pages\/609"}],"wp:featuredmedia":[{"embeddable":true,"href":"http:\/\/villaiolanda-meran.com\/de\/wp-json\/wp\/v2\/media\/776"}],"wp:attachment":[{"href":"http:\/\/villaiolanda-meran.com\/de\/wp-json\/wp\/v2\/media?parent=600"}],"curies":[{"name":"wp","href":"https:\/\/api.w.org\/{rel}","templated":true}]}}