{"id":130,"date":"2018-11-13T14:42:25","date_gmt":"2018-11-13T14:42:25","guid":{"rendered":"https:\/\/themes.getmotopress.com\/palmeria\/?page_id=130"},"modified":"2023-03-21T22:29:39","modified_gmt":"2023-03-21T21:29:39","slug":"villa-iolanda-2","status":"publish","type":"page","link":"http:\/\/villaiolanda-meran.com\/de\/villa-iolanda-2\/","title":{"rendered":"Villa Iolanda"},"content":{"rendered":"<div class=\"wp-block-columns has-2-columns is-layout-flex wp-container-core-columns-is-layout-9d6595d7 wp-block-columns-is-layout-flex\">\n<div class=\"wp-block-column is-layout-flow wp-block-column-is-layout-flow\">\n<figure class=\"wp-block-image size-large\"><img fetchpriority=\"high\" decoding=\"async\" width=\"1024\" height=\"717\" src=\"http:\/\/villaiolanda-meran.com\/wp-content\/uploads\/2022\/04\/retro-1024x717.jpg\" alt=\"\" class=\"wp-image-645\" srcset=\"http:\/\/villaiolanda-meran.com\/wp-content\/uploads\/2022\/04\/retro-1024x717.jpg 1024w, http:\/\/villaiolanda-meran.com\/wp-content\/uploads\/2022\/04\/retro-300x210.jpg 300w, http:\/\/villaiolanda-meran.com\/wp-content\/uploads\/2022\/04\/retro-768x538.jpg 768w, http:\/\/villaiolanda-meran.com\/wp-content\/uploads\/2022\/04\/retro-1536x1076.jpg 1536w, http:\/\/villaiolanda-meran.com\/wp-content\/uploads\/2022\/04\/retro-2048x1435.jpg 2048w, http:\/\/villaiolanda-meran.com\/wp-content\/uploads\/2022\/04\/retro-892x625.jpg 892w\" sizes=\"(max-width: 1024px) 100vw, 1024px\" \/><\/figure>\n<\/div>\n\n\n\n<div class=\"wp-block-column is-layout-flow wp-block-column-is-layout-flow\">\n<p>Die Villa Iolanda ist eines der charakteristischsten und beliebtesten historischen Geb\u00e4ude der Stadt Meran, das mit seinen klaren Linien und seinem Vintage-Stil den Gast in eine Atmosph\u00e4re aus anderen Zeiten zur\u00fcckversetzt. Die einzigartige Lage der Villa Iolanda mit Blick auf die Promenaden und die r\u00f6mische Br\u00fccke, mit unterschiedlichen und unumg\u00e4nglichen Ausblicken auf eine der eindrucksvollsten Ansichten der Stadt, macht sie zu einem einzigartigen und unvergesslichen Ort. So entstand ein einzigartiger Ort, ein einladendes Zuhause f\u00fcr diejenigen, die Komfort lieben, aber das Alte suchen und sch\u00e4tzen.<\/p>\n\n\n\n<p><\/p>\n\n\n\n<p><\/p>\n<\/div>\n<\/div>\n\n\n<div class=\"wp-block-spacer\" style=\"height: 40px;\">&nbsp;<\/div>\n\n\n<hr class=\"wp-block-separator has-css-opacity is-style-wide\"\/>\n\n\n\n<div style=\"height:100px\" aria-hidden=\"true\" class=\"wp-block-spacer\"><\/div>\n\n\n\n<div class=\"wp-block-columns has-2-columns is-layout-flex wp-container-core-columns-is-layout-9d6595d7 wp-block-columns-is-layout-flex\">\n<div class=\"wp-block-column is-layout-flow wp-block-column-is-layout-flow\">\n<h2 class=\"wp-block-heading\"> <strong>Villa Iolanda  &#8211; scopri di piu sulla sua storia&nbsp;<\/strong><\/h2>\n\n\n\n<figure class=\"wp-block-image size-large\"><img decoding=\"async\" width=\"1024\" height=\"720\" src=\"http:\/\/villaiolanda-meran.com\/wp-content\/uploads\/2022\/04\/negozio-1024x720.jpg\" alt=\"\" class=\"wp-image-646\" srcset=\"http:\/\/villaiolanda-meran.com\/wp-content\/uploads\/2022\/04\/negozio-1024x720.jpg 1024w, http:\/\/villaiolanda-meran.com\/wp-content\/uploads\/2022\/04\/negozio-300x211.jpg 300w, http:\/\/villaiolanda-meran.com\/wp-content\/uploads\/2022\/04\/negozio-768x540.jpg 768w, http:\/\/villaiolanda-meran.com\/wp-content\/uploads\/2022\/04\/negozio-1536x1080.jpg 1536w, http:\/\/villaiolanda-meran.com\/wp-content\/uploads\/2022\/04\/negozio-2048x1440.jpg 2048w, http:\/\/villaiolanda-meran.com\/wp-content\/uploads\/2022\/04\/negozio-892x627.jpg 892w\" sizes=\"(max-width: 1024px) 100vw, 1024px\" \/><figcaption class=\"wp-element-caption\">Antico negozio dedicato alla vendita alimenti e bevande.<\/figcaption><\/figure>\n\n\n\n<figure class=\"wp-block-image size-large\"><img decoding=\"async\" width=\"1024\" height=\"498\" src=\"http:\/\/villaiolanda-meran.com\/wp-content\/uploads\/2022\/04\/caramelle3-1024x498.jpg\" alt=\"\" class=\"wp-image-647\" srcset=\"http:\/\/villaiolanda-meran.com\/wp-content\/uploads\/2022\/04\/caramelle3-1024x498.jpg 1024w, http:\/\/villaiolanda-meran.com\/wp-content\/uploads\/2022\/04\/caramelle3-300x146.jpg 300w, http:\/\/villaiolanda-meran.com\/wp-content\/uploads\/2022\/04\/caramelle3-768x373.jpg 768w, http:\/\/villaiolanda-meran.com\/wp-content\/uploads\/2022\/04\/caramelle3-1536x747.jpg 1536w, http:\/\/villaiolanda-meran.com\/wp-content\/uploads\/2022\/04\/caramelle3-2048x995.jpg 2048w, http:\/\/villaiolanda-meran.com\/wp-content\/uploads\/2022\/04\/caramelle3-892x434.jpg 892w\" sizes=\"(max-width: 1024px) 100vw, 1024px\" \/><figcaption class=\"wp-element-caption\">Negozio di caramelle , cioccolata e dolci. <\/figcaption><\/figure>\n<\/div>\n\n\n\n<div class=\"wp-block-column is-layout-flow wp-block-column-is-layout-flow\">\n<p>Es wurde 1872 nach einem Entwurf des Architekten Karl Moeser erbaut und 1885 vom Architekturb\u00fcro Musch &amp; Lun erh\u00f6ht. Dank eines ganz besonderen lokalen Baustils und der Sp\u00e4trenaissance wurde es in die Liste der denkmalgesch\u00fctzten Geb\u00e4ude der Provinz Bozen aufgenommen. In den 140 Jahren seines Bestehens beherbergte es zun\u00e4chst eine Schuhboutique und sp\u00e4ter, in den 30er Jahren, wurde es von der Familie Magnoler die es fast ein Jahrhundert lang zu ihrem Zuhause gemacht haben, mit angrenzender kommerzieller Aktivit\u00e4t im Zimmer mit Blick auf die Promenaden. Urspr\u00fcnglich dem Verkauf von Speisen und Getr\u00e4nken gewidmet, entwickelte es sich von der Nachkriegszeit bis in die fr\u00fchen Jahre des 21. Jahrhunderts zu einem renommierten Gesch\u00e4ft f\u00fcr den Verkauf von S\u00fc\u00dfigkeiten, Schokolade und hochwertigen S\u00fc\u00dfigkeiten, das allen Meranern bekannt ist und bei Touristen und regelm\u00e4\u00dfigen und gelegentlichen Besuchern des Winterspaziergangs bekannt ist.  Seitdem sind Struktur und Erscheinungsbild nahezu unver\u00e4ndert geblieben. Im Jahr 2017 wurde die Villa vom Eigent\u00fcmer sorgf\u00e4ltig konservativ restauriert. Das \u00c4u\u00dfere, die alten Parkettb\u00f6den, die M\u00f6bel, die T\u00fcren und Fenster mit dem charakteristischen abgerundeten Glas wurden mit Sorgfalt und unter Ber\u00fccksichtigung der urspr\u00fcnglichen Oberfl\u00e4chen und Farben restauriert, was dem Geb\u00e4ude einen Charme vergangener Zeiten verleiht. <\/p>\n\n\n\n<p><\/p>\n<\/div>\n<\/div>\n\n\n\n<hr class=\"wp-block-separator has-css-opacity is-style-wide\"\/>\n\n\n\n<div style=\"height:30px\" class=\"wp-block-spacer\"><\/div>\n\n\n\n<div class=\"wp-block-columns has-2-columns is-layout-flex wp-container-core-columns-is-layout-9d6595d7 wp-block-columns-is-layout-flex\">\n<div class=\"wp-block-column is-layout-flow wp-block-column-is-layout-flow\">\n<h2 class=\"wp-block-heading\">La Villa<\/h2>\n\n\n\n<p><\/p>\n\n\n\n<figure class=\"wp-block-gallery has-nested-images columns-2 is-cropped wp-block-gallery-1 is-layout-flex wp-block-gallery-is-layout-flex\">\n<figure class=\"wp-block-image size-large\"><img loading=\"lazy\" decoding=\"async\" width=\"1024\" height=\"817\" data-id=\"734\" src=\"http:\/\/villaiolanda-meran.com\/wp-content\/uploads\/2022\/05\/fachada1piccolo-1024x817.jpg\" alt=\"\" class=\"wp-image-734\" srcset=\"http:\/\/villaiolanda-meran.com\/wp-content\/uploads\/2022\/05\/fachada1piccolo-1024x817.jpg 1024w, http:\/\/villaiolanda-meran.com\/wp-content\/uploads\/2022\/05\/fachada1piccolo-300x239.jpg 300w, http:\/\/villaiolanda-meran.com\/wp-content\/uploads\/2022\/05\/fachada1piccolo-768x613.jpg 768w, http:\/\/villaiolanda-meran.com\/wp-content\/uploads\/2022\/05\/fachada1piccolo-892x712.jpg 892w, http:\/\/villaiolanda-meran.com\/wp-content\/uploads\/2022\/05\/fachada1piccolo.jpg 1417w\" sizes=\"(max-width: 1024px) 100vw, 1024px\" \/><\/figure>\n\n\n\n<figure class=\"wp-block-image size-large\"><img loading=\"lazy\" decoding=\"async\" width=\"1024\" height=\"686\" data-id=\"665\" src=\"http:\/\/villaiolanda-meran.com\/wp-content\/uploads\/2022\/04\/detaglio-1024x686.jpg\" alt=\"\" class=\"wp-image-665\" srcset=\"http:\/\/villaiolanda-meran.com\/wp-content\/uploads\/2022\/04\/detaglio-1024x686.jpg 1024w, http:\/\/villaiolanda-meran.com\/wp-content\/uploads\/2022\/04\/detaglio-300x201.jpg 300w, http:\/\/villaiolanda-meran.com\/wp-content\/uploads\/2022\/04\/detaglio-768x514.jpg 768w, http:\/\/villaiolanda-meran.com\/wp-content\/uploads\/2022\/04\/detaglio-1536x1029.jpg 1536w, http:\/\/villaiolanda-meran.com\/wp-content\/uploads\/2022\/04\/detaglio-2048x1372.jpg 2048w, http:\/\/villaiolanda-meran.com\/wp-content\/uploads\/2022\/04\/detaglio-892x597.jpg 892w, http:\/\/villaiolanda-meran.com\/wp-content\/uploads\/2022\/04\/detaglio-150x100.jpg 150w\" sizes=\"(max-width: 1024px) 100vw, 1024px\" \/><\/figure>\n\n\n\n<figure class=\"wp-block-image size-large\"><img loading=\"lazy\" decoding=\"async\" width=\"1024\" height=\"678\" data-id=\"683\" src=\"http:\/\/villaiolanda-meran.com\/wp-content\/uploads\/2018\/11\/lettodoppio3-1024x678.jpg\" alt=\"\" class=\"wp-image-683\" srcset=\"http:\/\/villaiolanda-meran.com\/wp-content\/uploads\/2018\/11\/lettodoppio3-1024x678.jpg 1024w, http:\/\/villaiolanda-meran.com\/wp-content\/uploads\/2018\/11\/lettodoppio3-300x199.jpg 300w, http:\/\/villaiolanda-meran.com\/wp-content\/uploads\/2018\/11\/lettodoppio3-768x509.jpg 768w, http:\/\/villaiolanda-meran.com\/wp-content\/uploads\/2018\/11\/lettodoppio3-1536x1017.jpg 1536w, http:\/\/villaiolanda-meran.com\/wp-content\/uploads\/2018\/11\/lettodoppio3-2048x1356.jpg 2048w, http:\/\/villaiolanda-meran.com\/wp-content\/uploads\/2018\/11\/lettodoppio3-892x591.jpg 892w, http:\/\/villaiolanda-meran.com\/wp-content\/uploads\/2018\/11\/lettodoppio3-150x100.jpg 150w\" sizes=\"(max-width: 1024px) 100vw, 1024px\" \/><\/figure>\n\n\n\n<figure class=\"wp-block-image size-large\"><img loading=\"lazy\" decoding=\"async\" width=\"1024\" height=\"678\" data-id=\"51\" src=\"http:\/\/villaiolanda-meran.com\/wp-content\/uploads\/2022\/04\/DSC_9188-1024x678.jpg\" alt=\"\" class=\"wp-image-51\" srcset=\"http:\/\/villaiolanda-meran.com\/wp-content\/uploads\/2022\/04\/DSC_9188-1024x678.jpg 1024w, http:\/\/villaiolanda-meran.com\/wp-content\/uploads\/2022\/04\/DSC_9188-300x199.jpg 300w, http:\/\/villaiolanda-meran.com\/wp-content\/uploads\/2022\/04\/DSC_9188-768x509.jpg 768w, http:\/\/villaiolanda-meran.com\/wp-content\/uploads\/2022\/04\/DSC_9188-1536x1017.jpg 1536w, http:\/\/villaiolanda-meran.com\/wp-content\/uploads\/2022\/04\/DSC_9188-2048x1356.jpg 2048w, http:\/\/villaiolanda-meran.com\/wp-content\/uploads\/2022\/04\/DSC_9188-892x591.jpg 892w, http:\/\/villaiolanda-meran.com\/wp-content\/uploads\/2022\/04\/DSC_9188-150x100.jpg 150w\" sizes=\"(max-width: 1024px) 100vw, 1024px\" \/><\/figure>\n\n\n\n<figure class=\"wp-block-image size-large\"><img loading=\"lazy\" decoding=\"async\" width=\"1024\" height=\"690\" data-id=\"735\" src=\"http:\/\/villaiolanda-meran.com\/wp-content\/uploads\/2022\/05\/piano-1024x690.jpg\" alt=\"\" class=\"wp-image-735\" srcset=\"http:\/\/villaiolanda-meran.com\/wp-content\/uploads\/2022\/05\/piano-1024x690.jpg 1024w, http:\/\/villaiolanda-meran.com\/wp-content\/uploads\/2022\/05\/piano-300x202.jpg 300w, http:\/\/villaiolanda-meran.com\/wp-content\/uploads\/2022\/05\/piano-768x517.jpg 768w, http:\/\/villaiolanda-meran.com\/wp-content\/uploads\/2022\/05\/piano-1536x1034.jpg 1536w, http:\/\/villaiolanda-meran.com\/wp-content\/uploads\/2022\/05\/piano-2048x1379.jpg 2048w, http:\/\/villaiolanda-meran.com\/wp-content\/uploads\/2022\/05\/piano-892x601.jpg 892w, http:\/\/villaiolanda-meran.com\/wp-content\/uploads\/2022\/05\/piano-150x100.jpg 150w\" sizes=\"(max-width: 1024px) 100vw, 1024px\" \/><\/figure>\n\n\n\n<figure class=\"wp-block-image size-large\"><img loading=\"lazy\" decoding=\"async\" width=\"1024\" height=\"678\" data-id=\"737\" src=\"http:\/\/villaiolanda-meran.com\/wp-content\/uploads\/2022\/05\/DSC_9185-1024x678.jpg\" alt=\"\" class=\"wp-image-737\" srcset=\"http:\/\/villaiolanda-meran.com\/wp-content\/uploads\/2022\/05\/DSC_9185-1024x678.jpg 1024w, http:\/\/villaiolanda-meran.com\/wp-content\/uploads\/2022\/05\/DSC_9185-300x199.jpg 300w, http:\/\/villaiolanda-meran.com\/wp-content\/uploads\/2022\/05\/DSC_9185-768x509.jpg 768w, http:\/\/villaiolanda-meran.com\/wp-content\/uploads\/2022\/05\/DSC_9185-1536x1017.jpg 1536w, http:\/\/villaiolanda-meran.com\/wp-content\/uploads\/2022\/05\/DSC_9185-2048x1356.jpg 2048w, http:\/\/villaiolanda-meran.com\/wp-content\/uploads\/2022\/05\/DSC_9185-892x591.jpg 892w, http:\/\/villaiolanda-meran.com\/wp-content\/uploads\/2022\/05\/DSC_9185-150x100.jpg 150w\" sizes=\"(max-width: 1024px) 100vw, 1024px\" \/><\/figure>\n<\/figure>\n<\/div>\n\n\n\n<div class=\"wp-block-column is-layout-flow wp-block-column-is-layout-flow\"><div class=\"wp-block-image\">\n<figure class=\"aligncenter size-large\"><img loading=\"lazy\" decoding=\"async\" width=\"678\" height=\"1024\" src=\"http:\/\/villaiolanda-meran.com\/wp-content\/uploads\/2022\/05\/fachada-3-678x1024.jpg\" alt=\"\" class=\"wp-image-733\" srcset=\"http:\/\/villaiolanda-meran.com\/wp-content\/uploads\/2022\/05\/fachada-3-678x1024.jpg 678w, http:\/\/villaiolanda-meran.com\/wp-content\/uploads\/2022\/05\/fachada-3-199x300.jpg 199w, http:\/\/villaiolanda-meran.com\/wp-content\/uploads\/2022\/05\/fachada-3-768x1160.jpg 768w, http:\/\/villaiolanda-meran.com\/wp-content\/uploads\/2022\/05\/fachada-3-1017x1536.jpg 1017w, http:\/\/villaiolanda-meran.com\/wp-content\/uploads\/2022\/05\/fachada-3-1356x2048.jpg 1356w, http:\/\/villaiolanda-meran.com\/wp-content\/uploads\/2022\/05\/fachada-3-892x1347.jpg 892w, http:\/\/villaiolanda-meran.com\/wp-content\/uploads\/2022\/05\/fachada-3-scaled.jpg 1696w\" sizes=\"(max-width: 678px) 100vw, 678px\" \/><\/figure>\n<\/div><\/div>\n<\/div>","protected":false},"excerpt":{"rendered":"<p>Villa Iolanda rappresenta uno degli edifici storici pi\u00f9 caratteristici ed apprezati della citt\u00e1 di Merano, con le sue linee pulite ed uno stile vintage, riportano l\u2019ospite ad atmosfere di altri [&hellip;]<\/p>\n","protected":false},"author":1,"featured_media":734,"parent":0,"menu_order":0,"comment_status":"closed","ping_status":"closed","template":"","meta":{"footnotes":""},"class_list":["post-130","page","type-page","status-publish","has-post-thumbnail","hentry"],"_links":{"self":[{"href":"http:\/\/villaiolanda-meran.com\/de\/wp-json\/wp\/v2\/pages\/130","targetHints":{"allow":["GET"]}}],"collection":[{"href":"http:\/\/villaiolanda-meran.com\/de\/wp-json\/wp\/v2\/pages"}],"about":[{"href":"http:\/\/villaiolanda-meran.com\/de\/wp-json\/wp\/v2\/types\/page"}],"author":[{"embeddable":true,"href":"http:\/\/villaiolanda-meran.com\/de\/wp-json\/wp\/v2\/users\/1"}],"replies":[{"embeddable":true,"href":"http:\/\/villaiolanda-meran.com\/de\/wp-json\/wp\/v2\/comments?post=130"}],"version-history":[{"count":7,"href":"http:\/\/villaiolanda-meran.com\/de\/wp-json\/wp\/v2\/pages\/130\/revisions"}],"predecessor-version":[{"id":1072,"href":"http:\/\/villaiolanda-meran.com\/de\/wp-json\/wp\/v2\/pages\/130\/revisions\/1072"}],"wp:featuredmedia":[{"embeddable":true,"href":"http:\/\/villaiolanda-meran.com\/de\/wp-json\/wp\/v2\/media\/734"}],"wp:attachment":[{"href":"http:\/\/villaiolanda-meran.com\/de\/wp-json\/wp\/v2\/media?parent=130"}],"curies":[{"name":"wp","href":"https:\/\/api.w.org\/{rel}","templated":true}]}}